{"id":753,"date":"2020-08-19T16:55:46","date_gmt":"2020-08-19T16:55:46","guid":{"rendered":"https:\/\/www.urednicka-zkouska.cz\/?post_type=product&#038;p=753"},"modified":"2026-05-05T14:59:31","modified_gmt":"2026-05-05T12:59:31","slug":"online-testy","status":"publish","type":"product","link":"https:\/\/www.urednicka-zkouska.cz\/index.php\/product\/online-testy\/","title":{"rendered":"P\u0159\u00edstup na OnlineTesty"},"content":{"rendered":"<p>Testovac\u00ed online testy pro procvi\u010den\u00ed znalost\u00ed naleznete\u00a0<a href=\"https:\/\/www.urednicka-zkouska.cz\/index.php\/online-testy\/\">zde<\/a><\/p>\n","protected":false},"excerpt":{"rendered":"<p>Testovac\u00ed online testy pro procvi\u010den\u00ed znalost\u00ed naleznete\u00a0zde<\/p>\n","protected":false},"featured_media":2843,"comment_status":"closed","ping_status":"closed","template":"","meta":{"_monsterinsights_skip_tracking":false,"_monsterinsights_sitenote_active":false,"_monsterinsights_sitenote_note":"","_monsterinsights_sitenote_category":0,"_uf_show_specific_survey":0,"_uf_disable_surveys":false},"product_brand":[],"product_cat":[56],"product_tag":[],"class_list":{"0":"post-753","1":"product","2":"type-product","3":"status-publish","4":"has-post-thumbnail","6":"product_cat-testy","8":"first","9":"instock","10":"shipping-taxable","11":"purchasable","12":"product-type-variable"},"jetpack-related-posts":[],"jetpack_sharing_enabled":true,"_links":{"self":[{"href":"https:\/\/www.urednicka-zkouska.cz\/index.php\/wp-json\/wp\/v2\/product\/753","targetHints":{"allow":["GET"]}}],"collection":[{"href":"https:\/\/www.urednicka-zkouska.cz\/index.php\/wp-json\/wp\/v2\/product"}],"about":[{"href":"https:\/\/www.urednicka-zkouska.cz\/index.php\/wp-json\/wp\/v2\/types\/product"}],"replies":[{"embeddable":true,"href":"https:\/\/www.urednicka-zkouska.cz\/index.php\/wp-json\/wp\/v2\/comments?post=753"}],"wp:featuredmedia":[{"embeddable":true,"href":"https:\/\/www.urednicka-zkouska.cz\/index.php\/wp-json\/wp\/v2\/media\/2843"}],"wp:attachment":[{"href":"https:\/\/www.urednicka-zkouska.cz\/index.php\/wp-json\/wp\/v2\/media?parent=753"}],"wp:term":[{"taxonomy":"product_brand","embeddable":true,"href":"https:\/\/www.urednicka-zkouska.cz\/index.php\/wp-json\/wp\/v2\/product_brand?post=753"},{"taxonomy":"product_cat","embeddable":true,"href":"https:\/\/www.urednicka-zkouska.cz\/index.php\/wp-json\/wp\/v2\/product_cat?post=753"},{"taxonomy":"product_tag","embeddable":true,"href":"https:\/\/www.urednicka-zkouska.cz\/index.php\/wp-json\/wp\/v2\/product_tag?post=753"}],"curies":[{"name":"wp","href":"https:\/\/api.w.org\/{rel}","templated":true}]}}