{"id":676,"date":"2020-08-11T12:44:51","date_gmt":"2020-08-11T12:44:51","guid":{"rendered":"https:\/\/www.urednicka-zkouska.cz\/?post_type=product&#038;p=676"},"modified":"2025-07-23T10:06:59","modified_gmt":"2025-07-23T10:06:59","slug":"scripta-s-klicem","status":"publish","type":"product","link":"https:\/\/www.urednicka-zkouska.cz\/index.php\/product\/scripta-s-klicem\/","title":{"rendered":"Skripta &#8211; S kl\u00ed\u010dem"},"content":{"rendered":"<p>Spr\u00e1vn\u00e9 odpov\u011bdi jsou uvedeny v zadn\u00ed \u010d\u00e1sti skript. Testovac\u00ed online testy pro procvi\u010den\u00ed znalost\u00ed naleznete <a href=\"https:\/\/www.urednicka-zkouska.cz\/index.php\/online-testy\/\">zde<\/a>, p\u0159\u00edstup lze zakoupit v na\u0161em <a href=\"https:\/\/www.urednicka-zkouska.cz\/index.php\/product\/testy\/\">e-shopu<\/a><\/p>\n","protected":false},"excerpt":{"rendered":"<p>Spr\u00e1vn\u00e9 odpov\u011bdi jsou uvedeny v zadn\u00ed \u010d\u00e1sti skript. Testovac\u00ed online testy pro procvi\u010den\u00ed znalost\u00ed naleznete zde, p\u0159\u00edstup lze zakoupit v na\u0161em e-shopu<\/p>\n","protected":false},"featured_media":2842,"comment_status":"open","ping_status":"closed","template":"","meta":{"_monsterinsights_skip_tracking":false,"_monsterinsights_sitenote_active":false,"_monsterinsights_sitenote_note":"","_monsterinsights_sitenote_category":0,"_uf_show_specific_survey":0,"_uf_disable_surveys":false},"product_brand":[],"product_cat":[55],"product_tag":[],"class_list":{"0":"post-676","1":"product","2":"type-product","3":"status-publish","4":"has-post-thumbnail","6":"product_cat-skripta","8":"first","9":"instock","10":"sale","11":"purchasable","12":"product-type-variable","13":"has-default-attributes"},"jetpack-related-posts":[],"jetpack_sharing_enabled":true,"_links":{"self":[{"href":"https:\/\/www.urednicka-zkouska.cz\/index.php\/wp-json\/wp\/v2\/product\/676","targetHints":{"allow":["GET"]}}],"collection":[{"href":"https:\/\/www.urednicka-zkouska.cz\/index.php\/wp-json\/wp\/v2\/product"}],"about":[{"href":"https:\/\/www.urednicka-zkouska.cz\/index.php\/wp-json\/wp\/v2\/types\/product"}],"replies":[{"embeddable":true,"href":"https:\/\/www.urednicka-zkouska.cz\/index.php\/wp-json\/wp\/v2\/comments?post=676"}],"wp:featuredmedia":[{"embeddable":true,"href":"https:\/\/www.urednicka-zkouska.cz\/index.php\/wp-json\/wp\/v2\/media\/2842"}],"wp:attachment":[{"href":"https:\/\/www.urednicka-zkouska.cz\/index.php\/wp-json\/wp\/v2\/media?parent=676"}],"wp:term":[{"taxonomy":"product_brand","embeddable":true,"href":"https:\/\/www.urednicka-zkouska.cz\/index.php\/wp-json\/wp\/v2\/product_brand?post=676"},{"taxonomy":"product_cat","embeddable":true,"href":"https:\/\/www.urednicka-zkouska.cz\/index.php\/wp-json\/wp\/v2\/product_cat?post=676"},{"taxonomy":"product_tag","embeddable":true,"href":"https:\/\/www.urednicka-zkouska.cz\/index.php\/wp-json\/wp\/v2\/product_tag?post=676"}],"curies":[{"name":"wp","href":"https:\/\/api.w.org\/{rel}","templated":true}]}}