{"id":4241,"date":"2025-07-23T09:24:04","date_gmt":"2025-07-23T09:24:04","guid":{"rendered":"https:\/\/www.urednicka-zkouska.cz\/?post_type=product&#038;p=4241"},"modified":"2026-04-08T19:03:17","modified_gmt":"2026-04-08T17:03:17","slug":"skripta-podtrzena-se-zdroji-premium","status":"publish","type":"product","link":"https:\/\/www.urednicka-zkouska.cz\/index.php\/product\/skripta-podtrzena-se-zdroji-premium\/","title":{"rendered":"Skripta \u2013 Podtr\u017een\u00e1 se zdroji \u2013 Premium | verze 1. 1. 2025 + zm\u011bny 2026"},"content":{"rendered":"<p data-start=\"305\" data-end=\"452\">Spr\u00e1vn\u00e9 odpov\u011bdi jsou v textu <strong data-start=\"335\" data-end=\"368\">p\u0159ehledn\u011b ozna\u010deny podtr\u017een\u00edm<\/strong>, tak\u017ee se p\u0159i studiu rychle zorientujete a snadno si zapamatujete spr\u00e1vn\u00e9 varianty.<\/p>\n<p data-start=\"454\" data-end=\"715\">U ka\u017ed\u00e9 ot\u00e1zky je uveden <strong data-start=\"479\" data-end=\"497\">zdroj odpov\u011bdi<\/strong> \u2013 nejen konkr\u00e9tn\u00ed paragraf, ale tak\u00e9 <strong data-start=\"535\" data-end=\"572\">doslovn\u00e9 zn\u011bn\u00ed p\u0159\u00edslu\u0161n\u00e9ho z\u00e1kona<\/strong>. D\u00edky tomu nemus\u00edte p\u0159i p\u0159\u00edprav\u011b dohled\u00e1vat informace v dal\u0161\u00edch materi\u00e1lech a m\u00e1te jistotu, \u017ee studujete ze spr\u00e1vn\u00fdch a ov\u011b\u0159iteln\u00fdch podklad\u016f.<\/p>\n<p data-start=\"717\" data-end=\"812\">Materi\u00e1l vych\u00e1z\u00ed z verze ot\u00e1zek k <strong data-start=\"751\" data-end=\"765\">1. 1. 2025<\/strong> a je <strong data-start=\"771\" data-end=\"811\">dopln\u011bn o zm\u011bny platn\u00e9 od 6. 1. 2026<\/strong>.<\/p>\n<p data-start=\"814\" data-end=\"923\">Pro procvi\u010den\u00ed znalost\u00ed jsou k dispozici tak\u00e9 <strong data-start=\"860\" data-end=\"876\">online testy<\/strong>, ke kter\u00fdm lze z\u00edskat p\u0159\u00edstup v na\u0161em e-shopu.<\/p>\n<p data-start=\"925\" data-end=\"1044\">Publikace je vyti\u0161t\u011bna v <strong data-start=\"950\" data-end=\"968\">pr\u00e9miov\u00e9 vazb\u011b<\/strong>, kter\u00e1 zaji\u0161\u0165uje vy\u0161\u0161\u00ed odolnost a dlouhou \u017eivotnost i p\u0159i \u010dast\u00e9m pou\u017e\u00edv\u00e1n\u00ed.<\/p>\n","protected":false},"excerpt":{"rendered":"<p style=\"text-align: center;\">Odpov\u011bdi jsou podtr\u017een\u00edm v textu, u ka\u017ed\u00e9 ot\u00e1zky je uveden zdroj &#8211; nejen paragraf, ze kter\u00e9ho odpov\u011b\u010f vych\u00e1z\u00ed, ale tak\u00e9 doslovn\u00e9 zn\u011bn\u00ed z\u00e1kona.<\/p>\n","protected":false},"featured_media":2840,"comment_status":"open","ping_status":"closed","template":"","meta":{"_monsterinsights_skip_tracking":false,"_monsterinsights_sitenote_active":false,"_monsterinsights_sitenote_note":"","_monsterinsights_sitenote_category":0,"_uf_show_specific_survey":0,"_uf_disable_surveys":false},"product_brand":[],"product_cat":[55],"product_tag":[59],"class_list":{"0":"post-4241","1":"product","2":"type-product","3":"status-publish","4":"has-post-thumbnail","6":"product_cat-skripta","7":"product_tag-scripta","9":"first","10":"instock","11":"sale","12":"featured","13":"shipping-taxable","14":"purchasable","15":"product-type-simple"},"jetpack-related-posts":[],"jetpack_sharing_enabled":true,"_links":{"self":[{"href":"https:\/\/www.urednicka-zkouska.cz\/index.php\/wp-json\/wp\/v2\/product\/4241","targetHints":{"allow":["GET"]}}],"collection":[{"href":"https:\/\/www.urednicka-zkouska.cz\/index.php\/wp-json\/wp\/v2\/product"}],"about":[{"href":"https:\/\/www.urednicka-zkouska.cz\/index.php\/wp-json\/wp\/v2\/types\/product"}],"replies":[{"embeddable":true,"href":"https:\/\/www.urednicka-zkouska.cz\/index.php\/wp-json\/wp\/v2\/comments?post=4241"}],"wp:featuredmedia":[{"embeddable":true,"href":"https:\/\/www.urednicka-zkouska.cz\/index.php\/wp-json\/wp\/v2\/media\/2840"}],"wp:attachment":[{"href":"https:\/\/www.urednicka-zkouska.cz\/index.php\/wp-json\/wp\/v2\/media?parent=4241"}],"wp:term":[{"taxonomy":"product_brand","embeddable":true,"href":"https:\/\/www.urednicka-zkouska.cz\/index.php\/wp-json\/wp\/v2\/product_brand?post=4241"},{"taxonomy":"product_cat","embeddable":true,"href":"https:\/\/www.urednicka-zkouska.cz\/index.php\/wp-json\/wp\/v2\/product_cat?post=4241"},{"taxonomy":"product_tag","embeddable":true,"href":"https:\/\/www.urednicka-zkouska.cz\/index.php\/wp-json\/wp\/v2\/product_tag?post=4241"}],"curies":[{"name":"wp","href":"https:\/\/api.w.org\/{rel}","templated":true}]}}