{"id":1365,"date":"2021-09-20T14:34:17","date_gmt":"2021-09-20T14:34:17","guid":{"rendered":"https:\/\/www.urednicka-zkouska.cz\/?post_type=product&#038;p=1365"},"modified":"2025-07-23T10:06:43","modified_gmt":"2025-07-23T10:06:43","slug":"skripta-podtrzena-se-zdroji-krouzkova-vazba","status":"publish","type":"product","link":"https:\/\/www.urednicka-zkouska.cz\/index.php\/product\/skripta-podtrzena-se-zdroji-krouzkova-vazba\/","title":{"rendered":"Skripta &#8211; Podtr\u017een\u00e1 se zdroji &#8211; krou\u017ekov\u00e1 vazba"},"content":{"rendered":"<p>Spr\u00e1vn\u00e9 odpov\u011bdi jsou ozna\u010deny podtr\u017een\u00edm v textu a u ka\u017ed\u00e9 ot\u00e1zky je uveden zdroj &#8211; nejen paragraf, ze kter\u00e9ho odpov\u011b\u010f vych\u00e1z\u00ed, ale tak\u00e9 doslovn\u00e9 zn\u011bn\u00ed z\u00e1kona. P\u0159i p\u0159\u00edprav\u011b pak nepot\u0159ebujete nahl\u00ed\u017eet do dal\u0161\u00edch materi\u00e1l\u016f a m\u00e1te jistotu spr\u00e1vn\u00e9 odpov\u011bdi.<\/p>\n<p>&nbsp;<\/p>\n","protected":false},"excerpt":{"rendered":"<p>Odpov\u011bdi jsou podtr\u017een\u00edm v textu, u ka\u017ed\u00e9 ot\u00e1zky je uveden zdroj &#8211; nejen paragraf, ze kter\u00e9ho odpov\u011b\u010f vych\u00e1z\u00ed, ale tak\u00e9 doslovn\u00e9 zn\u011bn\u00ed z\u00e1kona.<\/p>\n","protected":false},"featured_media":2840,"comment_status":"closed","ping_status":"closed","template":"","meta":{"_monsterinsights_skip_tracking":false,"_monsterinsights_sitenote_active":false,"_monsterinsights_sitenote_note":"","_monsterinsights_sitenote_category":0,"_uf_show_specific_survey":0,"_uf_disable_surveys":false},"product_brand":[],"product_cat":[15],"product_tag":[59],"class_list":{"0":"post-1365","1":"product","2":"type-product","3":"status-publish","4":"has-post-thumbnail","6":"product_cat-uncategorized","7":"product_tag-scripta","9":"first","10":"instock","11":"sale","12":"shipping-taxable","13":"purchasable","14":"product-type-simple"},"jetpack-related-posts":[],"jetpack_sharing_enabled":true,"_links":{"self":[{"href":"https:\/\/www.urednicka-zkouska.cz\/index.php\/wp-json\/wp\/v2\/product\/1365","targetHints":{"allow":["GET"]}}],"collection":[{"href":"https:\/\/www.urednicka-zkouska.cz\/index.php\/wp-json\/wp\/v2\/product"}],"about":[{"href":"https:\/\/www.urednicka-zkouska.cz\/index.php\/wp-json\/wp\/v2\/types\/product"}],"replies":[{"embeddable":true,"href":"https:\/\/www.urednicka-zkouska.cz\/index.php\/wp-json\/wp\/v2\/comments?post=1365"}],"wp:featuredmedia":[{"embeddable":true,"href":"https:\/\/www.urednicka-zkouska.cz\/index.php\/wp-json\/wp\/v2\/media\/2840"}],"wp:attachment":[{"href":"https:\/\/www.urednicka-zkouska.cz\/index.php\/wp-json\/wp\/v2\/media?parent=1365"}],"wp:term":[{"taxonomy":"product_brand","embeddable":true,"href":"https:\/\/www.urednicka-zkouska.cz\/index.php\/wp-json\/wp\/v2\/product_brand?post=1365"},{"taxonomy":"product_cat","embeddable":true,"href":"https:\/\/www.urednicka-zkouska.cz\/index.php\/wp-json\/wp\/v2\/product_cat?post=1365"},{"taxonomy":"product_tag","embeddable":true,"href":"https:\/\/www.urednicka-zkouska.cz\/index.php\/wp-json\/wp\/v2\/product_tag?post=1365"}],"curies":[{"name":"wp","href":"https:\/\/api.w.org\/{rel}","templated":true}]}}