{"id":838,"date":"2020-08-26T19:20:24","date_gmt":"2020-08-26T19:20:24","guid":{"rendered":"https:\/\/www.urednicka-zkouska.cz\/?page_id=838"},"modified":"2025-08-25T18:03:45","modified_gmt":"2025-08-25T16:03:45","slug":"online-testy","status":"publish","type":"page","link":"https:\/\/www.urednicka-zkouska.cz\/index.php\/online-testy\/","title":{"rendered":"Online testy"},"content":{"rendered":"\t\t<div data-elementor-type=\"wp-page\" data-elementor-id=\"838\" class=\"elementor elementor-838\">\n\t\t\t\t\t\t<section class=\"elementor-section elementor-top-section elementor-element elementor-element-e5592f7 elementor-section-boxed elementor-section-height-default elementor-section-height-default\" data-id=\"e5592f7\" data-element_type=\"section\">\n\t\t\t\t\t\t<div class=\"elementor-container elementor-column-gap-default\">\n\t\t\t\t\t<div class=\"elementor-column elementor-col-100 elementor-top-column elementor-element elementor-element-fd6304c\" data-id=\"fd6304c\" data-element_type=\"column\">\n\t\t\t<div class=\"elementor-widget-wrap elementor-element-populated\">\n\t\t\t\t\t\t<div class=\"elementor-element elementor-element-8514a32 elementor-widget elementor-widget-text-editor\" data-id=\"8514a32\" data-element_type=\"widget\" data-widget_type=\"text-editor.default\">\n\t\t\t\t<div class=\"elementor-widget-container\">\n\t\t\t\t\t\t\t\t\t<h2 style=\"text-align: center;\"><span style=\"color: #0000ff;\">Vyzkou\u0161ejte zcela nov\u00e9 testovac\u00ed rozhran\u00ed a za\u017eijte lep\u0161\u00ed u\u017eivatelsk\u00fd komfort.<\/span><\/h2>\t\t\t\t\t\t\t\t<\/div>\n\t\t\t\t<\/div>\n\t\t\t\t\t<\/div>\n\t\t<\/div>\n\t\t\t\t\t<\/div>\n\t\t<\/section>\n\t\t\t\t<section class=\"elementor-section elementor-top-section elementor-element elementor-element-c0db1cb elementor-section-boxed elementor-section-height-default elementor-section-height-default\" data-id=\"c0db1cb\" data-element_type=\"section\">\n\t\t\t\t\t\t<div class=\"elementor-container elementor-column-gap-default\">\n\t\t\t\t\t<div class=\"elementor-column elementor-col-100 elementor-top-column elementor-element elementor-element-895acaf\" data-id=\"895acaf\" data-element_type=\"column\">\n\t\t\t<div class=\"elementor-widget-wrap elementor-element-populated\">\n\t\t\t\t\t\t<div class=\"elementor-element elementor-element-89f2311 elementor-widget elementor-widget-text-editor\" data-id=\"89f2311\" data-element_type=\"widget\" data-widget_type=\"text-editor.default\">\n\t\t\t\t<div class=\"elementor-widget-container\">\n\t\t\t\t\t\t\t\t\t<p><div class=\"uz1p\" style=\"--accent:#2C7BE5; --ok:#1E9E4A; --bad:#D92D20;\"><div class=\"toolbar card\" style=\"display:none\" data-toolbar>\r\n                <div class=\"row\" style=\"justify-content:space-between;align-items:center\">\r\n                  <div class=\"tiny muted\">Postup<\/div>\r\n                  <div class=\"tiny\"><span class=\"chip\" data-progress-label>0 \/ 0<\/span><\/div>\r\n                  <div class=\"tiny\">\u23f1\ufe0f <span class=\"chip\" data-timer>00:00<\/span><\/div>\r\n                <\/div>\r\n                <div class=\"progress\"><div class=\"bar\"><\/div><\/div>\r\n              <\/div>        <div class=\"card\">\r\n            <h3>Vyberte test a re\u017eim \u010dasu<\/h3>\r\n            <p class=\"tiny muted\">Rychl\u00fd test (30): limit 60 min \/ Tr\u00e9nink. Pln\u00fd test (100): pouze Tr\u00e9nink (stopky).<\/p>\r\n            <div class=\"grid\">\r\n                <div class=\"card\" style=\"grid-column:span 6\">\r\n                    <h4>Rychl\u00fd test <span class=\"chip\">30 ot.<\/span><\/h4>\r\n                    <form method=\"post\" action=\"https:\/\/www.urednicka-zkouska.cz\/index.php\/wp-json\/wp\/v2\/pages\/838\/\">\r\n                        <input type=\"hidden\" id=\"uz1p_nonce\" name=\"uz1p_nonce\" value=\"07aa35a420\" \/><input type=\"hidden\" name=\"_wp_http_referer\" value=\"\/index.php\/wp-json\/wp\/v2\/pages\/838\" \/>                        <input type=\"hidden\" name=\"uz1p_action\" value=\"start_test\">\r\n                        <input type=\"hidden\" name=\"redirect_to\" value=\"https:\/\/www.urednicka-zkouska.cz\/index.php\/wp-json\/wp\/v2\/pages\/838\/\">\r\n                        <input type=\"hidden\" name=\"which\" value=\"30\">\r\n                        <input type=\"hidden\" name=\"timer_mode\" value=\"limit\">\r\n                        <input type=\"hidden\" name=\"timer_limit\" value=\"60\">\r\n                        <div class=\"row\">\r\n                          <button class=\"btn primary\" type=\"submit\" data-start-btn data-mode=\"limit\" data-limit=\"60\">Ostr\u00e1 verze (60 min)<\/button>\r\n                          <button class=\"btn\" type=\"submit\" data-start-btn data-mode=\"count\">Tr\u00e9nink (stopky)<\/button>\r\n                        <\/div>\r\n                    <\/form>\r\n                <\/div>\r\n                <div class=\"card\" style=\"grid-column:span 6\">\r\n                    <h4>Pln\u00fd test <span class=\"chip\">100 ot.<\/span><\/h4>\r\n                    <form method=\"post\" action=\"https:\/\/www.urednicka-zkouska.cz\/index.php\/wp-json\/wp\/v2\/pages\/838\/\">\r\n                        <input type=\"hidden\" id=\"uz1p_nonce\" name=\"uz1p_nonce\" value=\"07aa35a420\" \/><input type=\"hidden\" name=\"_wp_http_referer\" value=\"\/index.php\/wp-json\/wp\/v2\/pages\/838\" \/>                        <input type=\"hidden\" name=\"uz1p_action\" value=\"start_test\">\r\n                        <input type=\"hidden\" name=\"redirect_to\" value=\"https:\/\/www.urednicka-zkouska.cz\/index.php\/wp-json\/wp\/v2\/pages\/838\/\">\r\n                        <input type=\"hidden\" name=\"which\" value=\"100\">\r\n                        <input type=\"hidden\" name=\"timer_mode\" value=\"count\"><!-- jen stopky -->\r\n                        <div class=\"tiny muted\">Zvolte blok ot\u00e1zek<\/div>\r\n                        <label class=\"row tiny\"><input type=\"radio\" name=\"verze\" value=\"0\" checked> <span>0\u2013100<\/span><\/label>\r\n                        <label class=\"row tiny\"><input type=\"radio\" name=\"verze\" value=\"101\"> <span>101\u2013200<\/span><\/label>\r\n                        <label class=\"row tiny\"><input type=\"radio\" name=\"verze\" value=\"201\"> <span>201\u2013300<\/span><\/label>\r\n                        <div class=\"row\" style=\"margin-top:8px\">\r\n                          <button class=\"btn\" type=\"submit\" data-start-btn data-mode=\"count\">Spustit tr\u00e9nink (stopky)<\/button>\r\n                        <\/div>\r\n                    <\/form>\r\n                <\/div>\r\n            <\/div>\r\n        <\/div>\r\n\r\n        <div class=\"card\">\r\n            <h4>M\u00e1m kl\u00ed\u010d testu<\/h4>\r\n            <p class=\"tiny muted\">Zadejte <b>ID testu<\/b>. Pokud u\u017e byl test zaplacen (promo k\u00f3d p\u0159i\u0159azen), uvid\u00edte rovnou v\u00fdsledky. Jinak p\u0159ejdete na ov\u011b\u0159en\u00ed k\u00f3du.<\/p>\r\n            <form method=\"post\" action=\"https:\/\/www.urednicka-zkouska.cz\/index.php\/wp-json\/wp\/v2\/pages\/838\/\" class=\"row\">\r\n                <input type=\"hidden\" id=\"uz1p_nonce\" name=\"uz1p_nonce\" value=\"07aa35a420\" \/><input type=\"hidden\" name=\"_wp_http_referer\" value=\"\/index.php\/wp-json\/wp\/v2\/pages\/838\" \/>                <input type=\"hidden\" name=\"uz1p_action\" value=\"lookup_key\">\r\n                <input type=\"hidden\" name=\"redirect_to\" value=\"https:\/\/www.urednicka-zkouska.cz\/index.php\/wp-json\/wp\/v2\/pages\/838\/\">\r\n                <input class=\"tiny input\" type=\"text\" name=\"key_uz\" placeholder=\"ID testu (nap\u0159. AbCd123456)\" required>\r\n                <button class=\"btn primary\" type=\"submit\">Zobrazit vyhodnocen\u00ed<\/button>\r\n            <\/form>\r\n        <\/div>\r\n\r\n        <div class=\"card\"><h4>\u017deb\u0159\u00ed\u010dek TOP 20<\/h4><table class=\"lead\"><thead><tr><th>Jm\u00e9no<\/th><th>Spr\u00e1vn\u011b<\/th><th>Celkem<\/th><th>\u010cas<\/th><th>Datum<\/th><\/tr><\/thead><tbody><tr><td>Vlasta<\/td><td>100<\/td><td>100<\/td><td>18:53<\/td><td>26.3.2026 18:34<\/td><\/tr><tr><td>Vlasta<\/td><td>30<\/td><td>30<\/td><td>01:21<\/td><td>21.4.2026 20:15<\/td><\/tr><tr><td>Kat<\/td><td>30<\/td><td>30<\/td><td>01:22<\/td><td>24.9.2025 09:49<\/td><\/tr><tr><td>Kat<\/td><td>30<\/td><td>30<\/td><td>01:27<\/td><td>24.9.2025 08:29<\/td><\/tr><tr><td>Vlasta<\/td><td>30<\/td><td>30<\/td><td>01:28<\/td><td>21.4.2026 20:57<\/td><\/tr><tr><td>Vlasta<\/td><td>30<\/td><td>30<\/td><td>01:29<\/td><td>21.4.2026 20:26<\/td><\/tr><tr><td>Vlasta<\/td><td>30<\/td><td>30<\/td><td>01:30<\/td><td>21.4.2026 20:22<\/td><\/tr><tr><td>Vlasta<\/td><td>30<\/td><td>30<\/td><td>01:30<\/td><td>21.4.2026 20:52<\/td><\/tr><tr><td>Vlasta<\/td><td>30<\/td><td>30<\/td><td>01:31<\/td><td>21.4.2026 20:29<\/td><\/tr><tr><td>Kat<\/td><td>30<\/td><td>30<\/td><td>01:32<\/td><td>23.9.2025 22:11<\/td><\/tr><tr><td>Kat<\/td><td>30<\/td><td>30<\/td><td>01:33<\/td><td>23.9.2025 15:04<\/td><\/tr><tr><td>Vlasta<\/td><td>30<\/td><td>30<\/td><td>01:33<\/td><td>21.4.2026 19:24<\/td><\/tr><tr><td>Vlasta<\/td><td>30<\/td><td>30<\/td><td>01:33<\/td><td>21.4.2026 20:49<\/td><\/tr><tr><td>Kat<\/td><td>30<\/td><td>30<\/td><td>01:36<\/td><td>23.9.2025 22:24<\/td><\/tr><tr><td>Vlasta<\/td><td>30<\/td><td>30<\/td><td>01:36<\/td><td>21.4.2026 20:20<\/td><\/tr><tr><td>Kat<\/td><td>30<\/td><td>30<\/td><td>01:38<\/td><td>23.9.2025 22:19<\/td><\/tr><tr><td>Vlasta<\/td><td>30<\/td><td>30<\/td><td>01:38<\/td><td>21.4.2026 21:00<\/td><\/tr><tr><td>Vlasta<\/td><td>30<\/td><td>30<\/td><td>01:40<\/td><td>21.4.2026 19:19<\/td><\/tr><tr><td>Vlasta<\/td><td>30<\/td><td>30<\/td><td>01:40<\/td><td>21.4.2026 19:22<\/td><\/tr><tr><td>Kat<\/td><td>30<\/td><td>30<\/td><td>01:41<\/td><td>23.9.2025 22:21<\/td><\/tr><\/tbody><\/table><\/div>        <div class=\"float\"><a href=\"#\" class=\"btn ghost tiny\" onclick=\"window.scrollTo({top:0,behavior:'smooth'});return false;\">\u2191 Nahoru<\/a><\/div><\/div><\/p>\t\t\t\t\t\t\t\t<\/div>\n\t\t\t\t<\/div>\n\t\t\t\t\t<\/div>\n\t\t<\/div>\n\t\t\t\t\t<\/div>\n\t\t<\/section>\n\t\t\t\t<section class=\"elementor-section elementor-top-section elementor-element elementor-element-0262a10 elementor-section-boxed elementor-section-height-default elementor-section-height-default\" data-id=\"0262a10\" data-element_type=\"section\">\n\t\t\t\t\t\t<div class=\"elementor-container elementor-column-gap-default\">\n\t\t\t\t\t<div class=\"elementor-column elementor-col-100 elementor-top-column elementor-element elementor-element-c434c9f\" data-id=\"c434c9f\" data-element_type=\"column\">\n\t\t\t<div class=\"elementor-widget-wrap elementor-element-populated\">\n\t\t\t\t\t\t<div class=\"elementor-element elementor-element-7d6cf29 elementor-widget elementor-widget-text-editor\" data-id=\"7d6cf29\" data-element_type=\"widget\" data-widget_type=\"text-editor.default\">\n\t\t\t\t<div class=\"elementor-widget-container\">\n\t\t\t\t\t\t\t\t\t<h5 style=\"text-align: center;\">Pro testov\u00e1n\u00ed m\u016f\u017eete pou\u017e\u00edt i\u00a0mobiln\u00ed aplikaci.<\/h5>\t\t\t\t\t\t\t\t<\/div>\n\t\t\t\t<\/div>\n\t\t\t\t\t<\/div>\n\t\t<\/div>\n\t\t\t\t\t<\/div>\n\t\t<\/section>\n\t\t\t\t<section class=\"elementor-section elementor-top-section elementor-element elementor-element-2684f7e elementor-section-boxed elementor-section-height-default elementor-section-height-default\" data-id=\"2684f7e\" data-element_type=\"section\">\n\t\t\t\t\t\t<div class=\"elementor-container elementor-column-gap-default\">\n\t\t\t\t\t<div class=\"elementor-column elementor-col-20 elementor-top-column elementor-element elementor-element-d5e421f\" data-id=\"d5e421f\" data-element_type=\"column\">\n\t\t\t<div class=\"elementor-widget-wrap\">\n\t\t\t\t\t\t\t<\/div>\n\t\t<\/div>\n\t\t\t\t<div class=\"elementor-column elementor-col-20 elementor-top-column elementor-element elementor-element-c1f22f4\" data-id=\"c1f22f4\" data-element_type=\"column\">\n\t\t\t<div class=\"elementor-widget-wrap\">\n\t\t\t\t\t\t\t<\/div>\n\t\t<\/div>\n\t\t\t\t<div class=\"elementor-column elementor-col-20 elementor-top-column elementor-element elementor-element-4125eca\" data-id=\"4125eca\" data-element_type=\"column\">\n\t\t\t<div class=\"elementor-widget-wrap elementor-element-populated\">\n\t\t\t\t\t\t<div class=\"elementor-element elementor-element-200323d elementor-widget elementor-widget-image\" data-id=\"200323d\" data-element_type=\"widget\" data-widget_type=\"image.default\">\n\t\t\t\t<div class=\"elementor-widget-container\">\n\t\t\t\t\t\t\t\t\t\t\t\t\t\t\t\t<a href=\"https:\/\/play.google.com\/store\/apps\/details?id=com.matesh.urednickazkouska\">\n\t\t\t\t\t\t\t<img decoding=\"async\" src=\"https:\/\/play.google.com\/intl\/en_us\/badges\/static\/images\/badges\/cs_badge_web_generic.png\" title=\"\" alt=\"\" loading=\"lazy\" \/>\t\t\t\t\t\t\t\t<\/a>\n\t\t\t\t\t\t\t\t\t\t\t\t\t\t\t<\/div>\n\t\t\t\t<\/div>\n\t\t\t\t\t<\/div>\n\t\t<\/div>\n\t\t\t\t<div class=\"elementor-column elementor-col-20 elementor-top-column elementor-element elementor-element-c420eb5\" data-id=\"c420eb5\" data-element_type=\"column\">\n\t\t\t<div class=\"elementor-widget-wrap\">\n\t\t\t\t\t\t\t<\/div>\n\t\t<\/div>\n\t\t\t\t<div class=\"elementor-column elementor-col-20 elementor-top-column elementor-element elementor-element-b35521e\" data-id=\"b35521e\" data-element_type=\"column\">\n\t\t\t<div class=\"elementor-widget-wrap\">\n\t\t\t\t\t\t\t<\/div>\n\t\t<\/div>\n\t\t\t\t\t<\/div>\n\t\t<\/section>\n\t\t\t\t<section class=\"elementor-section elementor-top-section elementor-element elementor-element-275977d elementor-section-boxed elementor-section-height-default elementor-section-height-default\" data-id=\"275977d\" data-element_type=\"section\">\n\t\t\t\t\t\t<div class=\"elementor-container elementor-column-gap-default\">\n\t\t\t\t\t<div class=\"elementor-column elementor-col-100 elementor-top-column elementor-element elementor-element-e35e257\" data-id=\"e35e257\" data-element_type=\"column\">\n\t\t\t<div class=\"elementor-widget-wrap\">\n\t\t\t\t\t\t\t<\/div>\n\t\t<\/div>\n\t\t\t\t\t<\/div>\n\t\t<\/section>\n\t\t\t\t<section class=\"elementor-section elementor-top-section elementor-element elementor-element-0b68f6f elementor-section-boxed elementor-section-height-default elementor-section-height-default\" data-id=\"0b68f6f\" data-element_type=\"section\">\n\t\t\t\t\t\t<div class=\"elementor-container elementor-column-gap-default\">\n\t\t\t\t\t<div class=\"elementor-column elementor-col-100 elementor-top-column elementor-element elementor-element-de096a1\" data-id=\"de096a1\" data-element_type=\"column\">\n\t\t\t<div class=\"elementor-widget-wrap elementor-element-populated\">\n\t\t\t\t\t\t<div class=\"elementor-element elementor-element-f55849d elementor-widget elementor-widget-text-editor\" data-id=\"f55849d\" data-element_type=\"widget\" data-widget_type=\"text-editor.default\">\n\t\t\t\t<div class=\"elementor-widget-container\">\n\t\t\t\t\t\t\t\t\t<h4 style=\"text-align: center;\">K p\u016fvodn\u00edmu testovac\u00edmu rozhran\u00ed se dostanete zde<\/h4>\t\t\t\t\t\t\t\t<\/div>\n\t\t\t\t<\/div>\n\t\t\t\t\t<\/div>\n\t\t<\/div>\n\t\t\t\t\t<\/div>\n\t\t<\/section>\n\t\t\t\t<section class=\"elementor-section elementor-top-section elementor-element elementor-element-59554e3 elementor-section-boxed elementor-section-height-default elementor-section-height-default\" data-id=\"59554e3\" data-element_type=\"section\">\n\t\t\t\t\t\t<div class=\"elementor-container elementor-column-gap-default\">\n\t\t\t\t\t<div class=\"elementor-column elementor-col-100 elementor-top-column elementor-element elementor-element-a06c009\" data-id=\"a06c009\" data-element_type=\"column\">\n\t\t\t<div class=\"elementor-widget-wrap elementor-element-populated\">\n\t\t\t\t\t\t<div class=\"elementor-element elementor-element-ea70c82 elementor-button-info elementor-align-justify elementor-widget elementor-widget-button\" data-id=\"ea70c82\" data-element_type=\"widget\" data-widget_type=\"button.default\">\n\t\t\t\t<div class=\"elementor-widget-container\">\n\t\t\t\t\t\t\t\t\t<div class=\"elementor-button-wrapper\">\n\t\t\t\t\t<a class=\"elementor-button elementor-button-link elementor-size-sm\" href=\"https:\/\/www.urednicka-zkouska.cz\/index.php\/test-30\/\">\n\t\t\t\t\t\t<span class=\"elementor-button-content-wrapper\">\n\t\t\t\t\t\t\t\t\t<span class=\"elementor-button-text\">Online test<\/span>\n\t\t\t\t\t<\/span>\n\t\t\t\t\t<\/a>\n\t\t\t\t<\/div>\n\t\t\t\t\t\t\t\t<\/div>\n\t\t\t\t<\/div>\n\t\t\t\t<div class=\"elementor-element elementor-element-5e32822 elementor-button-info elementor-align-justify elementor-widget elementor-widget-button\" data-id=\"5e32822\" data-element_type=\"widget\" data-widget_type=\"button.default\">\n\t\t\t\t<div class=\"elementor-widget-container\">\n\t\t\t\t\t\t\t\t\t<div class=\"elementor-button-wrapper\">\n\t\t\t\t\t<a class=\"elementor-button elementor-button-link elementor-size-sm\" href=\"https:\/\/www.urednicka-zkouska.cz\/index.php\/online-test-100\/\">\n\t\t\t\t\t\t<span class=\"elementor-button-content-wrapper\">\n\t\t\t\t\t\t\t\t\t<span class=\"elementor-button-text\">Online test 100<\/span>\n\t\t\t\t\t<\/span>\n\t\t\t\t\t<\/a>\n\t\t\t\t<\/div>\n\t\t\t\t\t\t\t\t<\/div>\n\t\t\t\t<\/div>\n\t\t\t\t<div class=\"elementor-element elementor-element-4c35dbf elementor-button-info elementor-align-justify elementor-widget elementor-widget-button\" data-id=\"4c35dbf\" data-element_type=\"widget\" data-widget_type=\"button.default\">\n\t\t\t\t<div class=\"elementor-widget-container\">\n\t\t\t\t\t\t\t\t\t<div class=\"elementor-button-wrapper\">\n\t\t\t\t\t<a class=\"elementor-button elementor-button-link elementor-size-sm\" href=\"https:\/\/www.urednicka-zkouska.cz\/index.php\/validation\/\">\n\t\t\t\t\t\t<span class=\"elementor-button-content-wrapper\">\n\t\t\t\t\t\t\t\t\t<span class=\"elementor-button-text\">Zp\u011btn\u00e9 vyhodnocen\u00ed<\/span>\n\t\t\t\t\t<\/span>\n\t\t\t\t\t<\/a>\n\t\t\t\t<\/div>\n\t\t\t\t\t\t\t\t<\/div>\n\t\t\t\t<\/div>\n\t\t\t\t\t<\/div>\n\t\t<\/div>\n\t\t\t\t\t<\/div>\n\t\t<\/section>\n\t\t\t\t<\/div>\n\t\t","protected":false},"excerpt":{"rendered":"<p>Vyzkou\u0161ejte zcela nov\u00e9 testovac\u00ed rozhran\u00ed a za\u017eijte lep\u0161\u00ed u\u017eivatelsk\u00fd komfort. Pro testov\u00e1n\u00ed m\u016f\u017eete pou\u017e\u00edt i\u00a0mobiln\u00ed aplikaci. K p\u016fvodn\u00edmu testovac\u00edmu rozhran\u00ed se dostanete zde Online test Online test 100 Zp\u011btn\u00e9 vyhodnocen\u00ed<\/p>\n","protected":false},"author":1,"featured_media":0,"parent":0,"menu_order":0,"comment_status":"closed","ping_status":"closed","template":"","meta":{"_monsterinsights_skip_tracking":false,"_monsterinsights_sitenote_active":false,"_monsterinsights_sitenote_note":"","_monsterinsights_sitenote_category":0,"_uf_show_specific_survey":0,"_uf_disable_surveys":false,"footnotes":""},"class_list":["post-838","page","type-page","status-publish","hentry"],"jetpack-related-posts":[],"jetpack_sharing_enabled":true,"_links":{"self":[{"href":"https:\/\/www.urednicka-zkouska.cz\/index.php\/wp-json\/wp\/v2\/pages\/838","targetHints":{"allow":["GET"]}}],"collection":[{"href":"https:\/\/www.urednicka-zkouska.cz\/index.php\/wp-json\/wp\/v2\/pages"}],"about":[{"href":"https:\/\/www.urednicka-zkouska.cz\/index.php\/wp-json\/wp\/v2\/types\/page"}],"author":[{"embeddable":true,"href":"https:\/\/www.urednicka-zkouska.cz\/index.php\/wp-json\/wp\/v2\/users\/1"}],"replies":[{"embeddable":true,"href":"https:\/\/www.urednicka-zkouska.cz\/index.php\/wp-json\/wp\/v2\/comments?post=838"}],"version-history":[{"count":13,"href":"https:\/\/www.urednicka-zkouska.cz\/index.php\/wp-json\/wp\/v2\/pages\/838\/revisions"}],"predecessor-version":[{"id":4299,"href":"https:\/\/www.urednicka-zkouska.cz\/index.php\/wp-json\/wp\/v2\/pages\/838\/revisions\/4299"}],"wp:attachment":[{"href":"https:\/\/www.urednicka-zkouska.cz\/index.php\/wp-json\/wp\/v2\/media?parent=838"}],"curies":[{"name":"wp","href":"https:\/\/api.w.org\/{rel}","templated":true}]}}