{"id":744,"date":"2020-08-18T15:37:35","date_gmt":"2020-08-18T15:37:35","guid":{"rendered":"https:\/\/www.urednicka-zkouska.cz\/?page_id=744"},"modified":"2021-05-21T08:41:50","modified_gmt":"2021-05-21T08:41:50","slug":"caste-dotazy","status":"publish","type":"page","link":"https:\/\/www.urednicka-zkouska.cz\/index.php\/caste-dotazy\/","title":{"rendered":"\u010cast\u00e9 dotazy"},"content":{"rendered":"\n<p><strong>Jak\u00e9 ot\u00e1zky jsou ve skriptech zpracovan\u00e9?<\/strong><br>300 ot\u00e1zek obecn\u00e9 \u010d\u00e1sti \u00fa\u0159ednick\u00e9 zkou\u0161ky. Ot\u00e1zky a dal\u0161\u00ed informace naleznete na str\u00e1nk\u00e1ch ministerstva vnitra (http:\/\/www.mvcr.cz\/sluzba\/clanek\/zkusebni-otazky-a-odborna-literatura.aspx )<\/p>\n\n\n\n<p><strong>Kde se kon\u00e1 \u00fa\u0159ednick\u00e1 zkou\u0161ka?<\/strong><br>Tuto informaci se dozv\u00edte na webu ministerstva vnitra, p\u0159esn\u011b&nbsp;<a href=\"https:\/\/portal.isoss.cz\/irj\/portal\/anonymous\/anonym-base-page\">zde (informa\u010dn\u00ed syst\u00e9m o st\u00e1tn\u00ed slu\u017eb\u011b)<\/a>.<\/p>\n\n\n\n<p><strong>Lze si objednat i skripta ke zvl\u00e1\u0161tn\u00ed \u010d\u00e1sti zkou\u0161ky?<\/strong><br>Materi\u00e1ly ke zvl\u00e1\u0161tn\u00ed \u010d\u00e1sti zkou\u0161ky nenab\u00edz\u00edme, ale&nbsp;<a href=\"https:\/\/www.mvcr.cz\/sluzba\/clanek\/zkusebni-otazky-a-odborna-literatura.aspx\">zde<\/a>&nbsp;m\u016f\u017eete naj\u00edt podrobn\u00e9 materi\u00e1ly.<\/p>\n\n\n\n<p><strong>Jak\u00e9 ot\u00e1zky jsou ve skriptech zpracovan\u00e9?<\/strong><br>300 ot\u00e1zek obecn\u00e9 \u010d\u00e1sti \u00fa\u0159ednick\u00e9 zkou\u0161ky. Ot\u00e1zky a dal\u0161\u00ed informace naleznete na str\u00e1nk\u00e1ch ministerstva vnitra (http:\/\/www.mvcr.cz\/sluzba\/clanek\/zkusebni-otazky-a-odborna-literatura.aspx )<\/p>\n\n\n\n<p><strong>Kde se kon\u00e1 \u00fa\u0159ednick\u00e1 zkou\u0161ka?<\/strong><br>Tuto informaci se dozv\u00edte na webu ministerstva vnitra, p\u0159esn\u011b&nbsp;<a href=\"https:\/\/portal.isoss.cz\/irj\/portal\/anonymous\/anonym-base-page\">zde (informa\u010dn\u00ed syst\u00e9m o st\u00e1tn\u00ed slu\u017eb\u011b)<\/a>.<\/p>\n\n\n\n<p><strong>Co je \u00fa\u0159ednick\u00e1 zkou\u0161ka?<\/strong><br>Tuto informaci se dozv\u00edte na webu ministerstva vnitra, p\u0159esn\u011b&nbsp;<a href=\"https:\/\/portal.isoss.cz\/irj\/portal\/anonymous\/anonym-base-page\">zde<\/a>.<\/p>\n\n\n\n<p><strong>Lze si objednat i skripta ke zvl\u00e1\u0161tn\u00ed \u010d\u00e1sti zkou\u0161ky?<\/strong><br>Materi\u00e1ly ke zvl\u00e1\u0161tn\u00ed \u010d\u00e1sti zkou\u0161ky nenab\u00edz\u00edme, ale&nbsp;<a href=\"https:\/\/www.mvcr.cz\/sluzba\/clanek\/zkusebni-otazky-a-odborna-literatura.aspx\">zde<\/a>&nbsp;m\u016f\u017eete naj\u00edt podrobn\u00e9 materi\u00e1ly.<\/p>\n\n\n\n<p><strong>Co kdy\u017e m\u00e1m probl\u00e9m s vyhodnocen\u00edm testu?<\/strong><br>Za\u0161lete n\u00e1m identifika\u010dn\u00ed k\u00f3d dan\u00e9ho testu a n\u00e1\u0161 IT specialista v\u0161e prov\u011b\u0159\u00ed. N\u00e1sledn\u011b V\u00e1s kontaktujeme s \u0159e\u0161en\u00edm.<\/p>\n\n\n\n<p><strong>Obchodn\u00ed podm\u00ednky<\/strong><br>Naleznete <a href=\"https:\/\/www.urednicka-zkouska.cz\/index.php\/obchodni-podminky\/\">zde<\/a><\/p>\n","protected":false},"excerpt":{"rendered":"<p>Jak\u00e9 ot\u00e1zky jsou ve skriptech zpracovan\u00e9?300 ot\u00e1zek obecn\u00e9 \u010d\u00e1sti \u00fa\u0159ednick\u00e9 zkou\u0161ky. Ot\u00e1zky a dal\u0161\u00ed informace naleznete na str\u00e1nk\u00e1ch ministerstva vnitra (http:\/\/www.mvcr.cz\/sluzba\/clanek\/zkusebni-otazky-a-odborna-literatura.aspx ) Kde se kon\u00e1 \u00fa\u0159ednick\u00e1 zkou\u0161ka?Tuto informaci se dozv\u00edte na webu ministerstva vnitra, p\u0159esn\u011b&nbsp;zde (informa\u010dn\u00ed syst\u00e9m o st\u00e1tn\u00ed slu\u017eb\u011b).<\/p>\n","protected":false},"author":1,"featured_media":0,"parent":0,"menu_order":0,"comment_status":"closed","ping_status":"closed","template":"","meta":{"_monsterinsights_skip_tracking":false,"_monsterinsights_sitenote_active":false,"_monsterinsights_sitenote_note":"","_monsterinsights_sitenote_category":0,"_uf_show_specific_survey":0,"_uf_disable_surveys":false,"footnotes":""},"class_list":["post-744","page","type-page","status-publish","hentry"],"jetpack-related-posts":[],"jetpack_sharing_enabled":true,"_links":{"self":[{"href":"https:\/\/www.urednicka-zkouska.cz\/index.php\/wp-json\/wp\/v2\/pages\/744","targetHints":{"allow":["GET"]}}],"collection":[{"href":"https:\/\/www.urednicka-zkouska.cz\/index.php\/wp-json\/wp\/v2\/pages"}],"about":[{"href":"https:\/\/www.urednicka-zkouska.cz\/index.php\/wp-json\/wp\/v2\/types\/page"}],"author":[{"embeddable":true,"href":"https:\/\/www.urednicka-zkouska.cz\/index.php\/wp-json\/wp\/v2\/users\/1"}],"replies":[{"embeddable":true,"href":"https:\/\/www.urednicka-zkouska.cz\/index.php\/wp-json\/wp\/v2\/comments?post=744"}],"version-history":[{"count":0,"href":"https:\/\/www.urednicka-zkouska.cz\/index.php\/wp-json\/wp\/v2\/pages\/744\/revisions"}],"wp:attachment":[{"href":"https:\/\/www.urednicka-zkouska.cz\/index.php\/wp-json\/wp\/v2\/media?parent=744"}],"curies":[{"name":"wp","href":"https:\/\/api.w.org\/{rel}","templated":true}]}}