{"id":741,"date":"2020-08-18T15:34:45","date_gmt":"2020-08-18T15:34:45","guid":{"rendered":"https:\/\/www.urednicka-zkouska.cz\/?page_id=741"},"modified":"2022-01-25T14:07:27","modified_gmt":"2022-01-25T14:07:27","slug":"pracovni-sesit","status":"publish","type":"page","link":"https:\/\/www.urednicka-zkouska.cz\/index.php\/pracovni-sesit\/","title":{"rendered":"Pracovn\u00ed se\u0161it"},"content":{"rendered":"\t\t<div data-elementor-type=\"wp-page\" data-elementor-id=\"741\" class=\"elementor elementor-741\">\n\t\t\t\t\t\t<section class=\"elementor-section elementor-top-section elementor-element elementor-element-500a0f86 elementor-section-boxed elementor-section-height-default elementor-section-height-default\" data-id=\"500a0f86\" data-element_type=\"section\">\n\t\t\t\t\t\t<div class=\"elementor-container elementor-column-gap-default\">\n\t\t\t\t\t<div class=\"elementor-column elementor-col-100 elementor-top-column elementor-element elementor-element-4c12ca38\" data-id=\"4c12ca38\" data-element_type=\"column\">\n\t\t\t<div class=\"elementor-widget-wrap elementor-element-populated\">\n\t\t\t\t\t\t<div class=\"elementor-element elementor-element-6ddc24dc elementor-widget elementor-widget-text-editor\" data-id=\"6ddc24dc\" data-element_type=\"widget\" data-widget_type=\"text-editor.default\">\n\t\t\t\t<div class=\"elementor-widget-container\">\n\t\t\t\t\t\t\t\t\t\n<p>V\u0161ech 300 ot\u00e1zek v ti\u0161t\u011bn\u00e9 podob\u011b \u2013 zp\u0159eh\u00e1zen\u00e9 po\u0159ad\u00ed ot\u00e1zek pro Va\u0161e lep\u0161\u00ed procvi\u010den\u00ed z\u00edskan\u00fdch znalost\u00ed. Spr\u00e1vn\u00e9 odpov\u011bdi v\u017edy na konci ka\u017ed\u00e9 sekce.<br><\/p>\n\n\n\n<ul class=\"wp-block-list\"><li>Form\u00e1t A4, bez vazby<\/li><li>Objedn\u00e1n\u00ed pouze spolu s libovoln\u00fdmi skripty&nbsp;<\/li><li>P\u0159i objedn\u00e1vce v\u00edce kus\u016f jsou dod\u00e1ny v\u017edy v r\u016fzn\u00fdch variant\u00e1ch &#8211; tedy s r\u016fzn\u011b nam\u00edchan\u00fdmi ot\u00e1zkami.<\/li><\/ul>\n\n\n\n<p><\/p>\n\t\t\t\t\t\t\t\t<\/div>\n\t\t\t\t<\/div>\n\t\t\t\t\t<\/div>\n\t\t<\/div>\n\t\t\t\t\t<\/div>\n\t\t<\/section>\n\t\t\t\t<section class=\"elementor-section elementor-top-section elementor-element elementor-element-841c935 elementor-section-boxed elementor-section-height-default elementor-section-height-default\" data-id=\"841c935\" data-element_type=\"section\">\n\t\t\t\t\t\t<div class=\"elementor-container elementor-column-gap-default\">\n\t\t\t\t\t<div class=\"elementor-column elementor-col-100 elementor-top-column elementor-element elementor-element-2dfde6f\" data-id=\"2dfde6f\" data-element_type=\"column\">\n\t\t\t<div class=\"elementor-widget-wrap elementor-element-populated\">\n\t\t\t\t\t\t<div class=\"elementor-element elementor-element-53340cf elementor-widget elementor-widget-shortcode\" data-id=\"53340cf\" data-element_type=\"widget\" data-widget_type=\"shortcode.default\">\n\t\t\t\t<div class=\"elementor-widget-container\">\n\t\t\t\t\t\t\t<div class=\"elementor-shortcode\"><div class=\"woocommerce \"><ul class=\"products columns-4\">\n<li class=\"product type-product post-761 status-publish first instock product_cat-skripta has-post-thumbnail shipping-taxable purchasable product-type-simple\">\n\t<a href=\"https:\/\/www.urednicka-zkouska.cz\/index.php\/product\/pracovni-sesit\/\" class=\"woocommerce-LoopProduct-link woocommerce-loop-product__link\"><img fetchpriority=\"high\" decoding=\"async\" width=\"250\" height=\"250\" src=\"https:\/\/www.urednicka-zkouska.cz\/wp-content\/uploads\/2020\/08\/Prac.jpg\" class=\"attachment-woocommerce_thumbnail size-woocommerce_thumbnail\" alt=\"Pracovn\u00ed se\u0161it\" srcset=\"https:\/\/www.urednicka-zkouska.cz\/wp-content\/uploads\/2020\/08\/Prac.jpg 250w, https:\/\/www.urednicka-zkouska.cz\/wp-content\/uploads\/2020\/08\/Prac-100x100.jpg 100w\" sizes=\"(max-width: 250px) 100vw, 250px\" \/><h2 class=\"woocommerce-loop-product__title\">Pracovn\u00ed se\u0161it<\/h2>\n\t<span class=\"price\"><span class=\"woocommerce-Price-amount amount\"><bdi>39&nbsp;<span class=\"woocommerce-Price-currencySymbol\">&#75;&#269;<\/span><\/bdi><\/span><\/span>\n<\/a><a href=\"\/index.php\/wp-json\/wp\/v2\/pages\/741?add-to-cart=761\" aria-describedby=\"woocommerce_loop_add_to_cart_link_describedby_761\" data-quantity=\"1\" class=\"button product_type_simple add_to_cart_button ajax_add_to_cart\" data-product_id=\"761\" data-product_sku=\"\" aria-label=\"P\u0159idat do ko\u0161\u00edku: &ldquo;Pracovn\u00ed se\u0161it&rdquo;\" rel=\"nofollow\" data-success_message=\"&ldquo;Pracovn\u00ed se\u0161it&rdquo; byl p\u0159id\u00e1n do ko\u0161\u00edku\" role=\"button\">P\u0159idat do ko\u0161\u00edku<\/a>\t<span id=\"woocommerce_loop_add_to_cart_link_describedby_761\" class=\"screen-reader-text\">\n\t\t\t<\/span>\n\t\t\t<input type=\"hidden\" class=\"pmwProductId\" data-id=\"761\">\n\t\t\t\t\t<script data-cfasync=\"false\">\n\t\t\t(window.pmwDataLayer = window.pmwDataLayer || {}).products                = window.pmwDataLayer.products || {};\n\t\t\twindow.pmwDataLayer.products[761] = {\"id\":\"761\",\"sku\":\"\",\"price\":39,\"brand\":\"\",\"quantity\":1,\"dyn_r_ids\":{\"post_id\":\"761\",\"sku\":761,\"gpf\":\"woocommerce_gpf_761\",\"gla\":\"gla_761\"},\"is_variable\":false,\"type\":\"simple\",\"name\":\"Pracovn\u00ed se\u0161it\",\"category\":[\"Skripta\"],\"is_variation\":false};\n\t\t\t\t\twindow.pmw_product_position = window.pmw_product_position || 1;\n\t\twindow.pmwDataLayer.products[761]['position'] = window.pmw_product_position++;\n\t\t\t\t<\/script>\n\t\t<\/li>\n<\/ul>\n<\/div> <\/div>\n\t\t\t\t\t\t<\/div>\n\t\t\t\t<\/div>\n\t\t\t\t\t<\/div>\n\t\t<\/div>\n\t\t\t\t\t<\/div>\n\t\t<\/section>\n\t\t\t\t<section class=\"elementor-section elementor-top-section elementor-element elementor-element-5d3516a elementor-section-boxed elementor-section-height-default elementor-section-height-default\" data-id=\"5d3516a\" data-element_type=\"section\">\n\t\t\t\t\t\t<div class=\"elementor-container elementor-column-gap-default\">\n\t\t\t\t\t<div class=\"elementor-column elementor-col-33 elementor-top-column elementor-element elementor-element-afb5434\" data-id=\"afb5434\" data-element_type=\"column\">\n\t\t\t<div class=\"elementor-widget-wrap\">\n\t\t\t\t\t\t\t<\/div>\n\t\t<\/div>\n\t\t\t\t<div class=\"elementor-column elementor-col-33 elementor-top-column elementor-element elementor-element-a1c24ca\" data-id=\"a1c24ca\" data-element_type=\"column\">\n\t\t\t<div class=\"elementor-widget-wrap\">\n\t\t\t\t\t\t\t<\/div>\n\t\t<\/div>\n\t\t\t\t<div class=\"elementor-column elementor-col-33 elementor-top-column elementor-element elementor-element-666decd\" data-id=\"666decd\" data-element_type=\"column\">\n\t\t\t<div class=\"elementor-widget-wrap\">\n\t\t\t\t\t\t\t<\/div>\n\t\t<\/div>\n\t\t\t\t\t<\/div>\n\t\t<\/section>\n\t\t\t\t<\/div>\n\t\t","protected":false},"excerpt":{"rendered":"<p>V\u0161ech 300 ot\u00e1zek v ti\u0161t\u011bn\u00e9 podob\u011b \u2013 zp\u0159eh\u00e1zen\u00e9 po\u0159ad\u00ed ot\u00e1zek pro Va\u0161e lep\u0161\u00ed procvi\u010den\u00ed z\u00edskan\u00fdch znalost\u00ed. Spr\u00e1vn\u00e9 odpov\u011bdi v\u017edy na konci ka\u017ed\u00e9 sekce.<\/p>\n","protected":false},"author":1,"featured_media":890,"parent":0,"menu_order":0,"comment_status":"closed","ping_status":"closed","template":"","meta":{"_monsterinsights_skip_tracking":false,"_monsterinsights_sitenote_active":false,"_monsterinsights_sitenote_note":"","_monsterinsights_sitenote_category":0,"_uf_show_specific_survey":0,"_uf_disable_surveys":false,"footnotes":""},"class_list":["post-741","page","type-page","status-publish","has-post-thumbnail","hentry"],"jetpack-related-posts":[],"jetpack_sharing_enabled":true,"_links":{"self":[{"href":"https:\/\/www.urednicka-zkouska.cz\/index.php\/wp-json\/wp\/v2\/pages\/741","targetHints":{"allow":["GET"]}}],"collection":[{"href":"https:\/\/www.urednicka-zkouska.cz\/index.php\/wp-json\/wp\/v2\/pages"}],"about":[{"href":"https:\/\/www.urednicka-zkouska.cz\/index.php\/wp-json\/wp\/v2\/types\/page"}],"author":[{"embeddable":true,"href":"https:\/\/www.urednicka-zkouska.cz\/index.php\/wp-json\/wp\/v2\/users\/1"}],"replies":[{"embeddable":true,"href":"https:\/\/www.urednicka-zkouska.cz\/index.php\/wp-json\/wp\/v2\/comments?post=741"}],"version-history":[{"count":0,"href":"https:\/\/www.urednicka-zkouska.cz\/index.php\/wp-json\/wp\/v2\/pages\/741\/revisions"}],"wp:featuredmedia":[{"embeddable":true,"href":"https:\/\/www.urednicka-zkouska.cz\/index.php\/wp-json\/wp\/v2\/media\/890"}],"wp:attachment":[{"href":"https:\/\/www.urednicka-zkouska.cz\/index.php\/wp-json\/wp\/v2\/media?parent=741"}],"curies":[{"name":"wp","href":"https:\/\/api.w.org\/{rel}","templated":true}]}}