{"id":736,"date":"2020-08-18T15:29:17","date_gmt":"2020-08-18T15:29:17","guid":{"rendered":"https:\/\/www.urednicka-zkouska.cz\/?page_id=736"},"modified":"2022-01-25T13:58:21","modified_gmt":"2022-01-25T13:58:21","slug":"urednicka-zkouska-skripta","status":"publish","type":"page","link":"https:\/\/www.urednicka-zkouska.cz\/index.php\/urednicka-zkouska-skripta\/","title":{"rendered":"Skripta"},"content":{"rendered":"\t\t<div data-elementor-type=\"wp-page\" data-elementor-id=\"736\" class=\"elementor elementor-736\">\n\t\t\t\t\t\t<section class=\"elementor-section elementor-top-section elementor-element elementor-element-6d6df648 elementor-section-boxed elementor-section-height-default elementor-section-height-default\" data-id=\"6d6df648\" data-element_type=\"section\">\n\t\t\t\t\t\t<div class=\"elementor-container elementor-column-gap-default\">\n\t\t\t\t\t<div class=\"elementor-column elementor-col-100 elementor-top-column elementor-element elementor-element-3fc5d335\" data-id=\"3fc5d335\" data-element_type=\"column\">\n\t\t\t<div class=\"elementor-widget-wrap elementor-element-populated\">\n\t\t\t\t\t\t<div class=\"elementor-element elementor-element-9b35acf elementor-widget elementor-widget-text-editor\" data-id=\"9b35acf\" data-element_type=\"widget\" data-widget_type=\"text-editor.default\">\n\t\t\t\t<div class=\"elementor-widget-container\">\n\t\t\t\t\t\t\t\t\t\n<p>R\u016fzn\u00e9 formy ti\u0161t\u011bn\u00fdch skript pro snadn\u011bj\u0161\u00ed p\u0159\u00edpravu ke zkou\u0161ce. Spr\u00e1vn\u00e9 odpov\u011bdi jsou zaznamen\u00e1ny bu\u010fto na konci skript (varianta \u201eS kl\u00ed\u010dem\u201c), nebo podtr\u017een\u00e9 v ka\u017ed\u00e9 jednotliv\u00e9 ot\u00e1zce. V p\u0159\u00edpad\u011b varianty skript \u201ePodtr\u017een\u00e1 se zdroji\u201c je u ka\u017ed\u00e9 ot\u00e1zky uveden zdroj v\u010detn\u011b citace, ze kter\u00e9ho odpov\u011b\u010f vych\u00e1z\u00ed.<\/p>\n<p>&#8211; Skripta obsahuj\u00ed v\u0161ech 300 ot\u00e1zek v\u010detn\u011b spr\u00e1vn\u00fdch odpov\u011bd\u00ed<br \/>&#8211; R\u016fzn\u00e9 form\u00e1ty<br \/>&#8211; Mo\u017enost volby vazby &#8211; krou\u017ekov\u00e1 nebo tepeln\u00e1 vazba (tzv. termovazba)<\/p>\n\t\t\t\t\t\t\t\t<\/div>\n\t\t\t\t<\/div>\n\t\t\t\t\t<\/div>\n\t\t<\/div>\n\t\t\t\t\t<\/div>\n\t\t<\/section>\n\t\t\t\t<section class=\"elementor-section elementor-top-section elementor-element elementor-element-f4e772a elementor-section-boxed elementor-section-height-default elementor-section-height-default\" data-id=\"f4e772a\" data-element_type=\"section\">\n\t\t\t\t\t\t<div class=\"elementor-container elementor-column-gap-default\">\n\t\t\t\t\t<div class=\"elementor-column elementor-col-100 elementor-top-column elementor-element elementor-element-3cd2277\" data-id=\"3cd2277\" data-element_type=\"column\">\n\t\t\t<div class=\"elementor-widget-wrap elementor-element-populated\">\n\t\t\t\t\t\t<div class=\"elementor-element elementor-element-0f6cfd8 elementor-widget elementor-widget-shortcode\" data-id=\"0f6cfd8\" data-element_type=\"widget\" data-widget_type=\"shortcode.default\">\n\t\t\t\t<div class=\"elementor-widget-container\">\n\t\t\t\t\t\t\t<div class=\"elementor-shortcode\"><div class=\"woocommerce columns-3 quick-sale\"><ul class=\"products columns-3\">\n<li class=\"product type-product post-766 status-publish first instock product_cat-skripta product_tag-scripta has-post-thumbnail sale featured shipping-taxable purchasable product-type-variable has-default-attributes\">\n\t<a href=\"https:\/\/www.urednicka-zkouska.cz\/index.php\/product\/podtrzena-se-zdroji\/\" class=\"woocommerce-LoopProduct-link woocommerce-loop-product__link\">\n\t\t\t\t\t\t<style>\r\n\t\t\t\t\t\t\t\t\t\t\t<\/style>\r\n\t\t\t\t<span class=\" woosticker woosticker_sale onsale_ribbon_right  pos_right \" \r\n\t\t\t\t\t\t\t\t\tstyle = \"animation-name: sale_product_sticker_animation_766;animation-duration: 2s;animation-iteration-count: 2;animation-direction: ;\"><\/span>\n\t<img fetchpriority=\"high\" decoding=\"async\" width=\"300\" height=\"300\" src=\"https:\/\/www.urednicka-zkouska.cz\/wp-content\/uploads\/2020\/08\/podtrzenaRoz500500z90-300x300.png\" class=\"attachment-woocommerce_thumbnail size-woocommerce_thumbnail\" alt=\"Skripta - Podtr\u017een\u00e1 se zdroji\" srcset=\"https:\/\/www.urednicka-zkouska.cz\/wp-content\/uploads\/2020\/08\/podtrzenaRoz500500z90-300x300.png 300w, https:\/\/www.urednicka-zkouska.cz\/wp-content\/uploads\/2020\/08\/podtrzenaRoz500500z90-100x100.png 100w, https:\/\/www.urednicka-zkouska.cz\/wp-content\/uploads\/2020\/08\/podtrzenaRoz500500z90-150x150.png 150w, https:\/\/www.urednicka-zkouska.cz\/wp-content\/uploads\/2020\/08\/podtrzenaRoz500500z90-270x270.png 270w, https:\/\/www.urednicka-zkouska.cz\/wp-content\/uploads\/2020\/08\/podtrzenaRoz500500z90-230x230.png 230w, https:\/\/www.urednicka-zkouska.cz\/wp-content\/uploads\/2020\/08\/podtrzenaRoz500500z90-45x45.png 45w, https:\/\/www.urednicka-zkouska.cz\/wp-content\/uploads\/2020\/08\/podtrzenaRoz500500z90-200x200.png 200w, https:\/\/www.urednicka-zkouska.cz\/wp-content\/uploads\/2020\/08\/podtrzenaRoz500500z90.png 500w\" sizes=\"(max-width: 300px) 100vw, 300px\" \/><h2 class=\"woocommerce-loop-product__title\">Skripta &#8211; Podtr\u017een\u00e1 se zdroji<\/h2><div class=\"star-rating\" role=\"img\" aria-label=\"Hodnocen\u00ed 5.00 z 5\"><span style=\"width:100%\">Hodnocen\u00ed <strong class=\"rating\">5.00<\/strong> z 5<\/span><\/div>\n\t<span class=\"price\"><span class=\"woocommerce-Price-amount amount\" aria-hidden=\"true\"><bdi>299&nbsp;<span class=\"woocommerce-Price-currencySymbol\">&#75;&#269;<\/span><\/bdi><\/span> <span aria-hidden=\"true\">&ndash;<\/span> <span class=\"woocommerce-Price-amount amount\" aria-hidden=\"true\"><bdi>350&nbsp;<span class=\"woocommerce-Price-currencySymbol\">&#75;&#269;<\/span><\/bdi><\/span><span class=\"screen-reader-text\">Rozp\u011bt\u00ed cen: 299&nbsp;&#75;&#269; a\u017e 350&nbsp;&#75;&#269;<\/span><\/span>\n<\/a><a href=\"https:\/\/www.urednicka-zkouska.cz\/index.php\/product\/podtrzena-se-zdroji\/\" aria-describedby=\"woocommerce_loop_add_to_cart_link_describedby_766\" data-quantity=\"1\" class=\"button product_type_variable add_to_cart_button\" data-product_id=\"766\" data-product_sku=\"\" aria-label=\"Vyberte nastaven\u00ed pro &bdquo;Skripta - Podtr\u017een\u00e1 se zdroji&ldquo;\" rel=\"nofollow\">V\u00fdb\u011br mo\u017enost\u00ed<\/a>\t<span id=\"woocommerce_loop_add_to_cart_link_describedby_766\" class=\"screen-reader-text\">\n\t\tTento produkt m\u00e1 v\u00edce variant. Mo\u017enosti lze vybrat na str\u00e1nce produktu\t<\/span>\n\t\t\t<input type=\"hidden\" class=\"pmwProductId\" data-id=\"766\">\n\t\t\t\t\t<script data-cfasync=\"false\">\n\t\t\t(window.pmwDataLayer = window.pmwDataLayer || {}).products                = window.pmwDataLayer.products || {};\n\t\t\twindow.pmwDataLayer.products[766] = {\"id\":\"766\",\"sku\":\"\",\"price\":299,\"brand\":\"\",\"quantity\":1,\"dyn_r_ids\":{\"post_id\":\"766\",\"sku\":766,\"gpf\":\"woocommerce_gpf_766\",\"gla\":\"gla_766\"},\"is_variable\":true,\"type\":\"variable\",\"name\":\"Skripta - Podtr\u017een\u00e1 se zdroji\",\"category\":[\"Skripta\"],\"is_variation\":false};\n\t\t\t\t\twindow.pmw_product_position = window.pmw_product_position || 1;\n\t\twindow.pmwDataLayer.products[766]['position'] = window.pmw_product_position++;\n\t\t\t\t<\/script>\n\t\t<\/li>\n<li class=\"product type-product post-678 status-publish instock product_cat-skripta has-post-thumbnail sale purchasable product-type-variable has-default-attributes\">\n\t<a href=\"https:\/\/www.urednicka-zkouska.cz\/index.php\/product\/scripta-podtrzena\/\" class=\"woocommerce-LoopProduct-link woocommerce-loop-product__link\">\n\t\t\t\t\t\t<style>\r\n\t\t\t\t\t\t\t\t\t\t\t<\/style>\r\n\t\t\t\t<span class=\" woosticker woosticker_sale onsale_ribbon_right  pos_right \" \r\n\t\t\t\t\t\t\t\t\tstyle = \"animation-name: sale_product_sticker_animation_678;animation-duration: 2s;animation-iteration-count: 2;animation-direction: ;\"><\/span>\n\t<img decoding=\"async\" width=\"300\" height=\"300\" src=\"https:\/\/www.urednicka-zkouska.cz\/wp-content\/uploads\/2020\/08\/podtrzena500500z200-1-300x300.png\" class=\"attachment-woocommerce_thumbnail size-woocommerce_thumbnail\" alt=\"Skripta - Podtr\u017een\u00e1\" srcset=\"https:\/\/www.urednicka-zkouska.cz\/wp-content\/uploads\/2020\/08\/podtrzena500500z200-1-300x300.png 300w, https:\/\/www.urednicka-zkouska.cz\/wp-content\/uploads\/2020\/08\/podtrzena500500z200-1-100x100.png 100w, https:\/\/www.urednicka-zkouska.cz\/wp-content\/uploads\/2020\/08\/podtrzena500500z200-1-150x150.png 150w, https:\/\/www.urednicka-zkouska.cz\/wp-content\/uploads\/2020\/08\/podtrzena500500z200-1-270x270.png 270w, https:\/\/www.urednicka-zkouska.cz\/wp-content\/uploads\/2020\/08\/podtrzena500500z200-1-230x230.png 230w, https:\/\/www.urednicka-zkouska.cz\/wp-content\/uploads\/2020\/08\/podtrzena500500z200-1-45x45.png 45w, https:\/\/www.urednicka-zkouska.cz\/wp-content\/uploads\/2020\/08\/podtrzena500500z200-1.png 500w\" sizes=\"(max-width: 300px) 100vw, 300px\" \/><h2 class=\"woocommerce-loop-product__title\">Skripta &#8211; Podtr\u017een\u00e1<\/h2>\n\t<span class=\"price\"><del aria-hidden=\"true\"><span class=\"woocommerce-Price-amount amount\"><bdi>229&nbsp;<span class=\"woocommerce-Price-currencySymbol\">&#75;&#269;<\/span><\/bdi><\/span><\/del> <span class=\"screen-reader-text\">P\u016fvodn\u00ed cena byla: 229&nbsp;&#075;&#269;.<\/span><ins aria-hidden=\"true\"><span class=\"woocommerce-Price-amount amount\"><bdi>199&nbsp;<span class=\"woocommerce-Price-currencySymbol\">&#75;&#269;<\/span><\/bdi><\/span><\/ins><span class=\"screen-reader-text\">Aktu\u00e1ln\u00ed cena je: 199&nbsp;&#075;&#269;.<\/span><\/span>\n<\/a><a href=\"https:\/\/www.urednicka-zkouska.cz\/index.php\/product\/scripta-podtrzena\/\" aria-describedby=\"woocommerce_loop_add_to_cart_link_describedby_678\" data-quantity=\"1\" class=\"button product_type_variable add_to_cart_button\" data-product_id=\"678\" data-product_sku=\"\" aria-label=\"Vyberte nastaven\u00ed pro &bdquo;Skripta - Podtr\u017een\u00e1&ldquo;\" rel=\"nofollow\">V\u00fdb\u011br mo\u017enost\u00ed<\/a>\t<span id=\"woocommerce_loop_add_to_cart_link_describedby_678\" class=\"screen-reader-text\">\n\t\tTento produkt m\u00e1 v\u00edce variant. Mo\u017enosti lze vybrat na str\u00e1nce produktu\t<\/span>\n\t\t\t<input type=\"hidden\" class=\"pmwProductId\" data-id=\"678\">\n\t\t\t\t\t<script data-cfasync=\"false\">\n\t\t\t(window.pmwDataLayer = window.pmwDataLayer || {}).products                = window.pmwDataLayer.products || {};\n\t\t\twindow.pmwDataLayer.products[678] = {\"id\":\"678\",\"sku\":\"\",\"price\":199,\"brand\":\"\",\"quantity\":1,\"dyn_r_ids\":{\"post_id\":\"678\",\"sku\":678,\"gpf\":\"woocommerce_gpf_678\",\"gla\":\"gla_678\"},\"is_variable\":true,\"type\":\"variable\",\"name\":\"Skripta - Podtr\u017een\u00e1\",\"category\":[\"Skripta\"],\"is_variation\":false};\n\t\t\t\t\twindow.pmw_product_position = window.pmw_product_position || 1;\n\t\twindow.pmwDataLayer.products[678]['position'] = window.pmw_product_position++;\n\t\t\t\t<\/script>\n\t\t<\/li>\n<li class=\"product type-product post-676 status-publish last instock product_cat-skripta has-post-thumbnail sale purchasable product-type-variable has-default-attributes\">\n\t<a href=\"https:\/\/www.urednicka-zkouska.cz\/index.php\/product\/scripta-s-klicem\/\" class=\"woocommerce-LoopProduct-link woocommerce-loop-product__link\">\n\t\t\t\t\t\t<style>\r\n\t\t\t\t\t\t\t\t\t\t\t<\/style>\r\n\t\t\t\t<span class=\" woosticker woosticker_sale onsale_ribbon_right  pos_right \" \r\n\t\t\t\t\t\t\t\t\tstyle = \"animation-name: sale_product_sticker_animation_676;animation-duration: 2s;animation-iteration-count: 2;animation-direction: ;\"><\/span>\n\t<img decoding=\"async\" width=\"300\" height=\"300\" src=\"https:\/\/www.urednicka-zkouska.cz\/wp-content\/uploads\/2020\/08\/klic500500z156-300x300.png\" class=\"attachment-woocommerce_thumbnail size-woocommerce_thumbnail\" alt=\"Skripta s klicem\" srcset=\"https:\/\/www.urednicka-zkouska.cz\/wp-content\/uploads\/2020\/08\/klic500500z156-300x300.png 300w, https:\/\/www.urednicka-zkouska.cz\/wp-content\/uploads\/2020\/08\/klic500500z156-100x100.png 100w, https:\/\/www.urednicka-zkouska.cz\/wp-content\/uploads\/2020\/08\/klic500500z156-150x150.png 150w, https:\/\/www.urednicka-zkouska.cz\/wp-content\/uploads\/2020\/08\/klic500500z156-270x270.png 270w, https:\/\/www.urednicka-zkouska.cz\/wp-content\/uploads\/2020\/08\/klic500500z156-230x230.png 230w, https:\/\/www.urednicka-zkouska.cz\/wp-content\/uploads\/2020\/08\/klic500500z156-45x45.png 45w, https:\/\/www.urednicka-zkouska.cz\/wp-content\/uploads\/2020\/08\/klic500500z156-200x200.png 200w, https:\/\/www.urednicka-zkouska.cz\/wp-content\/uploads\/2020\/08\/klic500500z156.png 500w\" sizes=\"(max-width: 300px) 100vw, 300px\" \/><h2 class=\"woocommerce-loop-product__title\">Skripta &#8211; S kl\u00ed\u010dem<\/h2>\n\t<span class=\"price\"><del aria-hidden=\"true\"><span class=\"woocommerce-Price-amount amount\"><bdi>229&nbsp;<span class=\"woocommerce-Price-currencySymbol\">&#75;&#269;<\/span><\/bdi><\/span><\/del> <span class=\"screen-reader-text\">P\u016fvodn\u00ed cena byla: 229&nbsp;&#075;&#269;.<\/span><ins aria-hidden=\"true\"><span class=\"woocommerce-Price-amount amount\"><bdi>199&nbsp;<span class=\"woocommerce-Price-currencySymbol\">&#75;&#269;<\/span><\/bdi><\/span><\/ins><span class=\"screen-reader-text\">Aktu\u00e1ln\u00ed cena je: 199&nbsp;&#075;&#269;.<\/span><\/span>\n<\/a><a href=\"https:\/\/www.urednicka-zkouska.cz\/index.php\/product\/scripta-s-klicem\/\" aria-describedby=\"woocommerce_loop_add_to_cart_link_describedby_676\" data-quantity=\"1\" class=\"button product_type_variable add_to_cart_button\" data-product_id=\"676\" data-product_sku=\"\" aria-label=\"Vyberte nastaven\u00ed pro &bdquo;Skripta - S kl\u00ed\u010dem&ldquo;\" rel=\"nofollow\">V\u00fdb\u011br mo\u017enost\u00ed<\/a>\t<span id=\"woocommerce_loop_add_to_cart_link_describedby_676\" class=\"screen-reader-text\">\n\t\tTento produkt m\u00e1 v\u00edce variant. Mo\u017enosti lze vybrat na str\u00e1nce produktu\t<\/span>\n\t\t\t<input type=\"hidden\" class=\"pmwProductId\" data-id=\"676\">\n\t\t\t\t\t<script data-cfasync=\"false\">\n\t\t\t(window.pmwDataLayer = window.pmwDataLayer || {}).products                = window.pmwDataLayer.products || {};\n\t\t\twindow.pmwDataLayer.products[676] = {\"id\":\"676\",\"sku\":\"\",\"price\":199,\"brand\":\"\",\"quantity\":1,\"dyn_r_ids\":{\"post_id\":\"676\",\"sku\":676,\"gpf\":\"woocommerce_gpf_676\",\"gla\":\"gla_676\"},\"is_variable\":true,\"type\":\"variable\",\"name\":\"Skripta - S kl\u00ed\u010dem\",\"category\":[\"Skripta\"],\"is_variation\":false};\n\t\t\t\t\twindow.pmw_product_position = window.pmw_product_position || 1;\n\t\twindow.pmwDataLayer.products[676]['position'] = window.pmw_product_position++;\n\t\t\t\t<\/script>\n\t\t<\/li>\n<\/ul>\n<\/div><\/div>\n\t\t\t\t\t\t<\/div>\n\t\t\t\t<\/div>\n\t\t\t\t\t<\/div>\n\t\t<\/div>\n\t\t\t\t\t<\/div>\n\t\t<\/section>\n\t\t\t\t<\/div>\n\t\t","protected":false},"excerpt":{"rendered":"<p>R\u016fzn\u00e9 formy ti\u0161t\u011bn\u00fdch skript pro snadn\u011bj\u0161\u00ed p\u0159\u00edpravu ke zkou\u0161ce. Spr\u00e1vn\u00e9 odpov\u011bdi jsou zaznamen\u00e1ny bu\u010fto na konci skript (varianta \u201eS kl\u00ed\u010dem\u201c), nebo podtr\u017een\u00e9 v ka\u017ed\u00e9 jednotliv\u00e9 ot\u00e1zce. V p\u0159\u00edpad\u011b varianty skript \u201ePodtr\u017een\u00e1 se zdroji\u201c je u ka\u017ed\u00e9 ot\u00e1zky uveden zdroj v\u010detn\u011b citace, ze kter\u00e9ho odpov\u011b\u010f vych\u00e1z\u00ed.<\/p>\n","protected":false},"author":1,"featured_media":72,"parent":0,"menu_order":0,"comment_status":"closed","ping_status":"closed","template":"","meta":{"_monsterinsights_skip_tracking":false,"_monsterinsights_sitenote_active":false,"_monsterinsights_sitenote_note":"","_monsterinsights_sitenote_category":0,"_uf_show_specific_survey":0,"_uf_disable_surveys":false,"footnotes":""},"class_list":["post-736","page","type-page","status-publish","has-post-thumbnail","hentry"],"jetpack-related-posts":[],"jetpack_sharing_enabled":true,"_links":{"self":[{"href":"https:\/\/www.urednicka-zkouska.cz\/index.php\/wp-json\/wp\/v2\/pages\/736","targetHints":{"allow":["GET"]}}],"collection":[{"href":"https:\/\/www.urednicka-zkouska.cz\/index.php\/wp-json\/wp\/v2\/pages"}],"about":[{"href":"https:\/\/www.urednicka-zkouska.cz\/index.php\/wp-json\/wp\/v2\/types\/page"}],"author":[{"embeddable":true,"href":"https:\/\/www.urednicka-zkouska.cz\/index.php\/wp-json\/wp\/v2\/users\/1"}],"replies":[{"embeddable":true,"href":"https:\/\/www.urednicka-zkouska.cz\/index.php\/wp-json\/wp\/v2\/comments?post=736"}],"version-history":[{"count":0,"href":"https:\/\/www.urednicka-zkouska.cz\/index.php\/wp-json\/wp\/v2\/pages\/736\/revisions"}],"wp:featuredmedia":[{"embeddable":true,"href":"https:\/\/www.urednicka-zkouska.cz\/index.php\/wp-json\/wp\/v2\/media\/72"}],"wp:attachment":[{"href":"https:\/\/www.urednicka-zkouska.cz\/index.php\/wp-json\/wp\/v2\/media?parent=736"}],"curies":[{"name":"wp","href":"https:\/\/api.w.org\/{rel}","templated":true}]}}